{"id":10299,"date":"2026-02-18T17:34:05","date_gmt":"2026-02-18T16:34:05","guid":{"rendered":"https:\/\/www.wesoleurwisy.pl\/?page_id=10299"},"modified":"2026-02-18T18:10:03","modified_gmt":"2026-02-18T17:10:03","slug":"rodo","status":"publish","type":"page","link":"https:\/\/www.wesoleurwisy.pl\/index.php\/rodo\/","title":{"rendered":"RODO"},"content":{"rendered":"<div class=\"wp-block-image\">\n<div class=\"wp-block-image\"><a href=\"https:\/\/www.wesoleurwisy.pl\/index.php\/rodo\/\"><img loading=\"lazy\" decoding=\"async\" class=\"wpa-warning wpa-image-missing-alt size-medium wp-image-10303 aligncenter\" src=\"https:\/\/www.wesoleurwisy.pl\/wp-content\/uploads\/2026\/02\/rodo-1-300x166.jpg\" alt=\"\" width=\"300\" height=\"166\" data-warning=\"Missing alt text\" srcset=\"https:\/\/www.wesoleurwisy.pl\/wp-content\/uploads\/2026\/02\/rodo-1-300x166.jpg 300w, https:\/\/www.wesoleurwisy.pl\/wp-content\/uploads\/2026\/02\/rodo-1.jpg 489w\" sizes=\"auto, (max-width: 300px) 100vw, 300px\" \/><\/a><\/div>\n<div><\/div>\n<p data-start=\"181\" data-end=\"725\">Administratorem danych osobowych jest Miejski O\u015brodek Pomocy Spo\u0142ecznej w&nbsp;Krakowie z&nbsp;siedzib\u0105 przy ul. J\u00f3zefi\u0144skiej 14 w&nbsp;Krakowie, jako administrator Pani\/Pana danych osobowych oraz danych osobowych Pani\/Pana dziecka, zwanych dalej \u201edanymi osobowymi\u201d na podst. art. 13 rozporz\u0105dzenia nr 2016\/679 Parlamentu Europejskiego i&nbsp;Rady z&nbsp;dnia 27.04.2016 r. w&nbsp;sprawie ochrony os\u00f3b fizycznych w&nbsp;zwi\u0105zku z&nbsp;przetwarzaniem danych osobowych i&nbsp;w&nbsp;sprawie swobodnego przep\u0142ywu takich danych oraz uchylenia dyrektywy 95\/46\/WE (zwanego dalej RODO), informuje, \u017ce:<\/p>\n<p data-start=\"727\" data-end=\"1009\">Dane osobowe b\u0119d\u0105 przetwarzane w&nbsp;celu przyj\u0119cia do plac\u00f3wki wsparcia dziennego prowadzonej przez podmiot realizuj\u0105cy zadanie publiczne na zlecenie Gminy Miejskiej Krak\u00f3w, na podst. art. 6 ust. 1 lit. c RODO, art. 7 i&nbsp;art. 18 ustawy o&nbsp;wspieraniu rodziny i&nbsp;systemie pieczy zast\u0119pczej.<\/p>\n<p data-start=\"1011\" data-end=\"1290\">Dane osobowe mog\u0105 zosta\u0107 udost\u0119pnione nast\u0119puj\u0105cym kategoriom odbiorc\u00f3w danych (w&nbsp;rozumieniu art. 4 pkt 9 RODO):<br data-start=\"1123\" data-end=\"1126\" \/>\u2013 podmiotom realizuj\u0105cym zadanie publiczne polegaj\u0105ce na prowadzeniu plac\u00f3wki wsparcia dziennego,<br data-start=\"1223\" data-end=\"1226\" \/>\u2013 podmiotom zajmuj\u0105cym si\u0119 niszczeniem dokumentacji archiwalnej.<\/p>\n<p data-start=\"1292\" data-end=\"1472\">Dane osobowe b\u0119d\u0105 przechowywane przez okres 5 lat od zako\u0144czenia udzielenia wsparcia, licz\u0105c od 1 stycznia roku nast\u0119puj\u0105cego po roku, w&nbsp;kt\u00f3rym zaprzestano korzystania ze wsparcia.<\/p>\n<p data-start=\"1474\" data-end=\"1783\">W przypadku zakwalifikowania dokumentacji decyzj\u0105 Dyrektora Archiwum Narodowego w&nbsp;Krakowie do kategorii archiwalnej \u201eA\u201d, dane osobowe b\u0119d\u0105 przechowywane przez Miejski O\u015brodek Pomocy Spo\u0142ecznej przez okres 25 lat (okres liczony analogicznie, jak w&nbsp;pkt 3), a&nbsp;nast\u0119pnie zostan\u0105 przekazane do Archiwum Narodowego.<\/p>\n<p data-start=\"1785\" data-end=\"1898\">W zakresie przetwarzania danych osobowych ma Pani\/Pan prawo wniesienia skargi do Urz\u0119du Ochrony Danych Osobowych.<\/p>\n<p data-start=\"1900\" data-end=\"1954\">Ma Pani\/Pan prawo do \u017c\u0105dania od administratora danych:<\/p>\n<ol data-start=\"1956\" data-end=\"2196\">\n<li data-start=\"1956\" data-end=\"2030\">\n<p data-start=\"1959\" data-end=\"2030\">dost\u0119pu do danych osobowych (na zasadach okre\u015blonych w&nbsp;art. 15 RODO);<\/p>\n<\/li>\n<li data-start=\"2031\" data-end=\"2107\">\n<p data-start=\"2034\" data-end=\"2107\">sprostowania danych osobowych (na zasadach okre\u015blonych w&nbsp;art. 16 RODO);<\/p>\n<\/li>\n<li data-start=\"2108\" data-end=\"2196\">\n<p data-start=\"2111\" data-end=\"2196\">ograniczenia przetwarzania danych osobowych (na zasadach okre\u015blonych w&nbsp;art. 18 RODO).<\/p>\n<\/li>\n<\/ol>\n<p data-start=\"2198\" data-end=\"2369\">Podanie danych osobowych jest wymogiem ustawowym i&nbsp;ma charakter obowi\u0105zkowy. Konsekwencj\u0105 niepodania danych osobowych b\u0119dzie brak mo\u017cliwo\u015bci przyj\u0119cia dziecka do plac\u00f3wki.<\/p>\n<p data-start=\"2371\" data-end=\"2470\">Dane osobowe nie b\u0119d\u0105 przetwarzane w&nbsp;spos\u00f3b zautomatyzowany, w&nbsp;tym nie b\u0119d\u0105 podlega\u0142y profilowaniu.<\/p>\n<p data-start=\"2472\" data-end=\"2514\">Dane kontaktowe inspektora ochrony danych:<\/p>\n<p data-start=\"2516\" data-end=\"2597\">Inspektor Ochrony Danych<br data-start=\"2540\" data-end=\"2543\" \/>ul. J\u00f3zefi\u0144ska 14<br data-start=\"2560\" data-end=\"2563\" \/>30-529 Krak\u00f3w<br data-start=\"2576\" data-end=\"2579\" \/><a class=\"decorated-link cursor-pointer\" rel=\"noopener\" data-start=\"2579\" data-end=\"2597\">iod@mops.krakow.pl<\/a><\/p>\n<p>&nbsp;<\/p>\n<\/div>\n","protected":false},"excerpt":{"rendered":"<p>Administratorem danych osobowych jest Miejski O\u015brodek Pomocy Spo\u0142ecznej w&nbsp;Krakowie z&nbsp;siedzib\u0105 przy ul. J\u00f3zefi\u0144skiej 14 w&nbsp;Krakowie, jako administrator Pani\/Pana danych osobowych oraz danych osobowych Pani\/Pana dziecka, zwanych dalej \u201edanymi osobowymi\u201d na podst. art. 13 rozporz\u0105dzenia nr 2016\/679 Parlamentu Europejskiego i&nbsp;Rady z&nbsp;dnia 27.04.2016 r. w&nbsp;sprawie ochrony os\u00f3b fizycznych w&nbsp;zwi\u0105zku z&nbsp;przetwarzaniem danych osobowych i&nbsp;w&nbsp;sprawie swobodnego przep\u0142ywu takich danych <a href=\"https:\/\/www.wesoleurwisy.pl\/index.php\/rodo\/\" class=\"more-link\">Czytaj dalej...<span class=\"screen-reader-text\"> \"RODO\"<\/span><\/a><\/p>\n","protected":false},"author":1,"featured_media":0,"parent":0,"menu_order":0,"comment_status":"closed","ping_status":"closed","template":"","meta":{"footnotes":""},"class_list":["post-10299","page","type-page","status-publish","h-entry","hentry","h-as-page"],"_links":{"self":[{"href":"https:\/\/www.wesoleurwisy.pl\/index.php\/wp-json\/wp\/v2\/pages\/10299","targetHints":{"allow":["GET"]}}],"collection":[{"href":"https:\/\/www.wesoleurwisy.pl\/index.php\/wp-json\/wp\/v2\/pages"}],"about":[{"href":"https:\/\/www.wesoleurwisy.pl\/index.php\/wp-json\/wp\/v2\/types\/page"}],"author":[{"embeddable":true,"href":"https:\/\/www.wesoleurwisy.pl\/index.php\/wp-json\/wp\/v2\/users\/1"}],"replies":[{"embeddable":true,"href":"https:\/\/www.wesoleurwisy.pl\/index.php\/wp-json\/wp\/v2\/comments?post=10299"}],"version-history":[{"count":5,"href":"https:\/\/www.wesoleurwisy.pl\/index.php\/wp-json\/wp\/v2\/pages\/10299\/revisions"}],"predecessor-version":[{"id":10318,"href":"https:\/\/www.wesoleurwisy.pl\/index.php\/wp-json\/wp\/v2\/pages\/10299\/revisions\/10318"}],"wp:attachment":[{"href":"https:\/\/www.wesoleurwisy.pl\/index.php\/wp-json\/wp\/v2\/media?parent=10299"}],"curies":[{"name":"wp","href":"https:\/\/api.w.org\/{rel}","templated":true}]}}