{"id":5215,"date":"2021-08-14T09:53:18","date_gmt":"2021-08-14T07:53:18","guid":{"rendered":"https:\/\/www.wesoleurwisy.pl\/?page_id=5215"},"modified":"2021-08-14T09:53:18","modified_gmt":"2021-08-14T07:53:18","slug":"polityka-plikow-cookies","status":"publish","type":"page","link":"https:\/\/www.wesoleurwisy.pl\/index.php\/polityka-plikow-cookies\/","title":{"rendered":"Polityka Plik\u00f3w Cookies"},"content":{"rendered":"\n<h1 class=\"wp-block-heading\"><strong>Pliki cookies<\/strong><\/h1>\n\n\n\n<p>Niekt\u00f3re elementy naszego serwisu mog\u0105 wykorzystywa\u0107&nbsp;<strong>cookies<\/strong>. Cookies to ma\u0142e pliki tekstowe, kt\u00f3re s\u0105 wysy\u0142ane do komputera, tabletu lub telefonu U\u017cytkownika, zapisywane na nim, a&nbsp;przy kolejnej wizycie U\u017cytkownika na stronie s\u0105 odczytywane przez nasz system informatyczny. Cookies pozwalaj\u0105 na zidentyfikowanie U\u017cytkownika na potrzeby wykonania okre\u015blonej operacji w&nbsp;serwisie. Cookies s\u0105 wykorzystywane przez praktycznie ka\u017cd\u0105 stron\u0119 internetow\u0105, poniewa\u017c u\u0142atwiaj\u0105 U\u017cytkownikom korzystanie z&nbsp;serwisu oraz pozwalaj\u0105 administratorowi na u\u017cywanie przydatnych narz\u0119dzi, na przyk\u0142ad s\u0142u\u017c\u0105cych do cel\u00f3w statystycznych.<\/p>\n\n\n\n<p>Przy pierwszej wizycie na stronie wy\u015bwielamy U\u017cytkownikom informacj\u0119 dotycz\u0105c\u0105 wykorzystywania plik\u00f3w cookies i&nbsp;pytamy o&nbsp;zgod\u0119 na ich stosowanie. Ustawienia cookies U\u017cytkownik mo\u017ce zmieni\u0107 w&nbsp;swojej przegl\u0105darce. Mo\u017ce ca\u0142kowicie z&nbsp;nich zrezygnowa\u0107, ale musi mie\u0107 \u015bwiadomo\u015b\u0107, \u017ce mo\u017ce to utrudni\u0107 korzystanie nie tylko z&nbsp;naszej, ale i&nbsp;z&nbsp;wielu innych stron internetowych.<\/p>\n\n\n\n<p>Nasza strona wykorzystuje&nbsp;<strong>cookies w\u0142asne<\/strong>, s\u0142u\u017c\u0105ce do zapewnienia jej prawid\u0142owego dzia\u0142ania. Wykorzystujemy w&nbsp;szczeg\u00f3lno\u015bci takie pliki cookies:<\/p>\n\n\n\n<p><strong>1. Nazwa: PHPSESSID<\/strong><\/p>\n\n\n\n<p>Rodzaj: Sesyjne<\/p>\n\n\n\n<p>Cel zapisania: Przechowuje identyfikator sesji. Jest niezb\u0119dny do przechowania informacji o&nbsp;fakcie obecno\u015bci w&nbsp;serwisie.<\/p>\n\n\n\n<p><strong>2. Nazwa: cookieOK<\/strong><\/p>\n\n\n\n<p>Rodzaj: Sta\u0142e<\/p>\n\n\n\n<p>Cel zapisania: Przechowuje informacje czy u\u017cytkownik zamkn\u0105\u0142 komunikat informuj\u0105cy o&nbsp;wykorzystywaniu cookies. Przechowywane przez 365 dni.<\/p>\n\n\n\n<p><strong>3. Nazwa: popupShow<\/strong><\/p>\n\n\n\n<p>Rodzaj: Sta\u0142e<\/p>\n\n\n\n<p>Cel zapisania: Przechowuje informacje kiedy u\u017cytkownik ostatni raz otworzy\u0142 okienko popup na stronie g\u0142\u00f3wnej. Przechowywane przez 30 minut.<\/p>\n\n\n\n<p>W celach marketingowych, statystycznych i&nbsp;analitycznych wykorzystujemy r\u00f3wnie\u017c&nbsp;<strong>cookies<\/strong>&nbsp;<strong>obce<\/strong>, nale\u017c\u0105ce do takich firm jak Google LLC i&nbsp;Facebook.<\/p>\n\n\n\n<p>Zapewniamy mo\u017cliwo\u015b\u0107 korzystania z&nbsp;funkcji spo\u0142eczno\u015bciowych, takich jak udost\u0119pnianie tre\u015bci w&nbsp;serwisach spo\u0142eczno\u015bciowych oraz subskrypcja profilu spo\u0142eczno\u015bciowego. Korzystanie z&nbsp;tych funkcji wi\u0105\u017ce si\u0119 z&nbsp;wykorzystywaniem plik\u00f3w cookies administrator\u00f3w serwis\u00f3w spo\u0142eczno\u015bciowych takich jak Facebook, Instagram, YouTube, Twitter, Google+, LinkedIN.<\/p>\n\n\n\n<p>Mo\u017cemy osadza\u0107 na stronie nagrania wideo z&nbsp;serwisu YouTube. Podczas odtwarzania przez U\u017cytkownika takich nagra\u0144 wykorzystywane s\u0105 pliki cookies firmy Google LLC dotycz\u0105ce us\u0142ugi YouTube.<\/p>\n\n\n\n<p>Cele i&nbsp;zasady korzystania z&nbsp;cookies obcych okre\u015blaj\u0105 polityki prywatno\u015bci podmiot\u00f3w, od kt\u00f3rych te cookies pochodz\u0105.<\/p>\n","protected":false},"excerpt":{"rendered":"<p>Pliki cookies Niekt\u00f3re elementy naszego serwisu mog\u0105 wykorzystywa\u0107&nbsp;cookies. Cookies to ma\u0142e pliki tekstowe, kt\u00f3re s\u0105 wysy\u0142ane do komputera, tabletu lub telefonu U\u017cytkownika, zapisywane na nim, a&nbsp;przy kolejnej wizycie U\u017cytkownika na stronie s\u0105 odczytywane przez nasz system informatyczny. Cookies pozwalaj\u0105 na zidentyfikowanie U\u017cytkownika na potrzeby wykonania okre\u015blonej operacji w&nbsp;serwisie. Cookies s\u0105 wykorzystywane przez praktycznie ka\u017cd\u0105 stron\u0119 <a href=\"https:\/\/www.wesoleurwisy.pl\/index.php\/polityka-plikow-cookies\/\" class=\"more-link\">Czytaj dalej...<span class=\"screen-reader-text\"> \"Polityka Plik\u00f3w Cookies\"<\/span><\/a><\/p>\n","protected":false},"author":1,"featured_media":0,"parent":0,"menu_order":0,"comment_status":"closed","ping_status":"closed","template":"","meta":{"footnotes":""},"class_list":["post-5215","page","type-page","status-publish","h-entry","hentry","h-as-page"],"_links":{"self":[{"href":"https:\/\/www.wesoleurwisy.pl\/index.php\/wp-json\/wp\/v2\/pages\/5215","targetHints":{"allow":["GET"]}}],"collection":[{"href":"https:\/\/www.wesoleurwisy.pl\/index.php\/wp-json\/wp\/v2\/pages"}],"about":[{"href":"https:\/\/www.wesoleurwisy.pl\/index.php\/wp-json\/wp\/v2\/types\/page"}],"author":[{"embeddable":true,"href":"https:\/\/www.wesoleurwisy.pl\/index.php\/wp-json\/wp\/v2\/users\/1"}],"replies":[{"embeddable":true,"href":"https:\/\/www.wesoleurwisy.pl\/index.php\/wp-json\/wp\/v2\/comments?post=5215"}],"version-history":[{"count":1,"href":"https:\/\/www.wesoleurwisy.pl\/index.php\/wp-json\/wp\/v2\/pages\/5215\/revisions"}],"predecessor-version":[{"id":5216,"href":"https:\/\/www.wesoleurwisy.pl\/index.php\/wp-json\/wp\/v2\/pages\/5215\/revisions\/5216"}],"wp:attachment":[{"href":"https:\/\/www.wesoleurwisy.pl\/index.php\/wp-json\/wp\/v2\/media?parent=5215"}],"curies":[{"name":"wp","href":"https:\/\/api.w.org\/{rel}","templated":true}]}}