{"id":5234,"date":"2021-09-15T08:36:45","date_gmt":"2021-09-15T06:36:45","guid":{"rendered":"https:\/\/www.wesoleurwisy.pl\/?page_id=5234"},"modified":"2026-02-18T17:42:57","modified_gmt":"2026-02-18T16:42:57","slug":"deklaracja-dostepnosci","status":"publish","type":"page","link":"https:\/\/www.wesoleurwisy.pl\/index.php\/deklaracja-dostepnosci\/","title":{"rendered":"Deklaracja dost\u0119pno\u015bci"},"content":{"rendered":"\r\n<p><strong>Deklaracja dost\u0119pno\u015bci <\/strong><strong>Plac\u00f3wka Wsparcia Dziennego z&nbsp;siedzib\u0105<\/strong><strong><br \/>w Szkole Podstawowej nr 61 przy ul. Pop\u0142awskiego 17 w&nbsp;Krakowie.<\/strong><\/p>\r\n\r\n\r\n\r\n<p><strong>Plac\u00f3wka Wsparcia Dziennego z&nbsp;siedzib\u0105 w&nbsp;Szkole Podstawowej nr 61 przy ul. Pop\u0142awskiego 17 w&nbsp;Krakowie<\/strong> zobowi\u0105zuje si\u0119 zapewni\u0107 dost\u0119pno\u015b\u0107 do swojej strony\u00a0zgodnie z\u00a0ustaw\u0105 z&nbsp;dnia 4 kwietnia 2019\u00a0r. o&nbsp;dost\u0119pno\u015bci cyfrowej stron internetowych i&nbsp;aplikacji mobilnych podmiot\u00f3w publicznych.<br \/>O\u015bwiadczenie w&nbsp;sprawie dost\u0119pno\u015bci ma zastosowanie do strony internetowej https:\/\/www.wesoleurwisy.pl\/<\/p>\r\n\r\n\r\n\r\n<p><strong>Plac\u00f3wka Wsparcia Dziennego<\/strong> w&nbsp;Krakowie \u00a0\/w skr\u00f3cie Plac\u00f3wka\/<\/p>\r\n\r\n\r\n\r\n<p>Telefon: +48 510 190 935<br \/>E-mail:\u00a0wesole_urwisy@op.pl<br \/>Adres korespondencyjny: Plac\u00f3wka Wsparcia Dziennego z&nbsp;siedzib\u0105<br \/>w Szkole Podstawowej nr 61<br \/>ul. Pop\u0142awskiego 17<br \/>Krak\u00f3w, 30-818<\/p>\r\n\r\n\r\n\r\n<p>Data publikacji strony internetowej: 31.03.2018 r.<\/p>\r\n\r\n\r\n\r\n<p>Data ostatniej aktualizacji: \u00a09.09.2021 r.<\/p>\r\n\r\n\r\n\r\n<p>Strona internetowa\u00a0https:\/\/www.wesoleurwisy.pl\/\u00a0jest cz\u0119\u015bciowo zgodna z&nbsp;ustaw\u0105 z&nbsp;dnia 4 kwietnia 2019 r. o&nbsp;dost\u0119pno\u015bci cyfrowej stron internetowych i&nbsp;aplikacji mobilnych podmiot\u00f3w publicznych z&nbsp;powodu wy\u0142\u0105cze\u0144 wymienionych poni\u017cej:<\/p>\r\n\r\n\r\n\r\n<p>\u2013 dokumenty tekstowe i&nbsp;tekstowo-graficzne, dokumenty utworzone<br \/>w programach przeznaczonych do tworzenia prezentacji lub arkuszy kalkulacyjnych, opublikowane przed dniem 23 wrze\u015bnia 2018 r. s\u0105 wy\u0142\u0105czone z&nbsp;obowi\u0105zku zapewniania dost\u0119pno\u015bci,<br \/>\u2013 mapy s\u0105 wy\u0142\u0105czone z&nbsp;obowi\u0105zku zapewniania dost\u0119pno\u015bci,<br \/>\u2013 pliki wytworzone przez inne podmioty ni\u017c Plac\u00f3wka i&nbsp;przekazane do publikacji w&nbsp;formie papierowej lub skan\u00f3w nie s\u0105 dost\u0119pne z&nbsp;uwagi na brak dost\u0119pu do danych \u017ar\u00f3d\u0142owych,<br \/>\u2013 tre\u015bci archiwalne, niewykorzystywane do realizacji bie\u017c\u0105cych zada\u0144 s\u0105 wy\u0142\u0105czone z&nbsp;obowi\u0105zku zapewniania dost\u0119pno\u015bci.<\/p>\r\n\r\n\r\n\r\n<p><strong>Strona posiada nast\u0119puj\u0105ce u\u0142atwienia dla os\u00f3b z\u00a0niepe\u0142nosprawno\u015bciami:<\/strong><\/p>\r\n\r\n\r\n\r\n<ul class=\"wp-block-list\">\r\n<li>podwy\u017cszony kontrast (czarne t\u0142o, \u017c\u00f3\u0142te i\u00a0zielone litery),<\/li>\r\n<li>mo\u017cliwo\u015b\u0107 powi\u0119kszenia wielko\u015bci liter na stronie,<\/li>\r\n<li>focus dla os\u00f3b niedowidz\u0105cych pojawiaj\u0105cy si\u0119 wok\u00f3\u0142 element\u00f3w nawigacyjnych,<\/li>\r\n<\/ul>\r\n\r\n\r\n\r\n<p>Deklaracj\u0119 sporz\u0105dzono na podstawie samooceny przeprowadzonej przez pracownika Plac\u00f3wki.<\/p>\r\n\r\n\r\n\r\n<p>O\u015bwiadczenie sporz\u0105dzono dnia 2020-09-22.<\/p>\r\n\r\n\r\n\r\n<p><strong>Skr\u00f3ty klawiaturowe<\/strong><\/p>\r\n\r\n\r\n\r\n<p>Na stronie\u00a0https:\/\/www.wesoleurwisy.pl\/\u00a0mo\u017cna u\u017cywa\u0107 standardowych skr\u00f3t\u00f3w klawiaturowych przegl\u0105darki.<\/p>\r\n\r\n\r\n\r\n<p><strong>Informacje zwrotne i&nbsp;dane kontaktowe<\/strong><\/p>\r\n\r\n\r\n\r\n<p>W Plac\u00f3wce realizacj\u0105 spraw w&nbsp;zakresie dost\u0119pno\u015bci cyfrowej zarz\u0105dza kierownik Aneta Polczyk, e-mail: tkopd.krakow@wp.pl, telefon: 510190935 (dotyczy powiadomie\u0144 o&nbsp;braku dost\u0119pno\u015bci cyfrowej oraz \u017c\u0105da\u0144 zapewnienia dost\u0119pno\u015bci cyfrowej).<\/p>\r\n\r\n\r\n\r\n<p>Uprzejmie informujemy, \u017ce zgodnie z\u00a0ustaw\u0105 z\u00a0dnia 4\u00a0kwietnia 2019 r. o\u00a0dost\u0119pno\u015bci cyfrowej stron internetowych i\u00a0aplikacji mobilnych podmiot\u00f3w publicznych ka\u017cdy ma prawo wyst\u0105pi\u0107 do podmiotu publicznego z\u00a0\u017c\u0105daniem udost\u0119pnienia cyfrowego wskazanej strony internetowej, aplikacji mobilnej lub ich element\u00f3w, ewentualnie zapewnienia dost\u0119pu alternatywnego, na warunkach okre\u015blonych w\u00a0ustawie. W\u00a0przypadku odmowy wnosz\u0105cy \u017c\u0105danie mo\u017cne z\u0142o\u017cy\u0107 skarg\u0119 z\u00a0zastosowaniem przepis\u00f3w ustawy z\u00a0dnia 14 czerwca 1960 r. Kodeks post\u0119powania administracyjnego, a\u00a0tak\u017ce powiadomi\u0107 Rzecznika Praw Obywatelskich:\u00a0<a href=\"https:\/\/www.rpo.gov.pl\/\">www.rpo.gov.pl<\/a><\/p>\r\n\r\n\r\n\r\n<p>\u017b\u0105danie musi zawiera\u0107:<\/p>\r\n\r\n\r\n\r\n<ul class=\"wp-block-list\">\r\n<li>dane kontaktowe osoby zg\u0142aszaj\u0105cej,<\/li>\r\n<li>wskazanie strony lub elementu strony, kt\u00f3rej dotyczy \u017c\u0105danie,<\/li>\r\n<li>wskazanie dogodnej formy udost\u0119pnienia informacji, je\u015bli \u017c\u0105danie dotyczy udost\u0119pnienia w&nbsp;formie alternatywnej informacji niedost\u0119pnej.<\/li>\r\n<\/ul>\r\n\r\n\r\n\r\n<p><strong>Dost\u0119pno\u015b\u0107 architektoniczna<\/strong><\/p>\r\n\r\n\r\n\r\n<p>Do budynku szko\u0142y prowadzi g\u0142\u00f3wne wej\u015bcie znajduj\u0105ce si\u0119 od ulicy Pop\u0142awskiego, prowadz\u0105 do niego schody, jest podjazd dla niepe\u0142nosprawnych. Nad wej\u015bciami nie ma g\u0142o\u015bnik\u00f3w systemu naprowadzaj\u0105cego d\u017awi\u0119kowo osoby niewidome i&nbsp;s\u0142abowidz\u0105ce. Na terenie szko\u0142y s\u0105 nie ma oznaczonych miejsc parkingowych dla os\u00f3b niepe\u0142nosprawnych. Osobami oddelegowanymi do udzielania informacji przy wej\u015bciu g\u0142\u00f3wnym s\u0105 pracownicy obs\u0142ugi. W&nbsp;budynku na ka\u017cdym poziomie (parter, 1 pi\u0119tro, 2 pi\u0119tro) znajduje si\u0119 korytarz. Budynek nie posiada wind. W&nbsp;budynku nie ma dostosowa\u0144 dla os\u00f3b niepe\u0142nosprawnych (toalety, barierki). W&nbsp;Plac\u00f3wce nie ma mo\u017cliwo\u015bci skorzystania z&nbsp;t\u0142umacza j\u0119zyka migowego.<\/p>\r\n","protected":false},"excerpt":{"rendered":"<p>Deklaracja dost\u0119pno\u015bci Plac\u00f3wka Wsparcia Dziennego z&nbsp;siedzib\u0105w Szkole Podstawowej nr 61 przy ul. Pop\u0142awskiego 17 w&nbsp;Krakowie. Plac\u00f3wka Wsparcia Dziennego z&nbsp;siedzib\u0105 w&nbsp;Szkole Podstawowej nr 61 przy ul. Pop\u0142awskiego 17 w&nbsp;Krakowie zobowi\u0105zuje si\u0119 zapewni\u0107 dost\u0119pno\u015b\u0107 do swojej strony\u00a0zgodnie z\u00a0ustaw\u0105 z&nbsp;dnia 4 kwietnia 2019\u00a0r. o&nbsp;dost\u0119pno\u015bci cyfrowej stron internetowych i&nbsp;aplikacji mobilnych podmiot\u00f3w publicznych.O\u015bwiadczenie w&nbsp;sprawie dost\u0119pno\u015bci ma zastosowanie do strony internetowej <a href=\"https:\/\/www.wesoleurwisy.pl\/index.php\/deklaracja-dostepnosci\/\" class=\"more-link\">Czytaj dalej...<span class=\"screen-reader-text\"> \"Deklaracja dost\u0119pno\u015bci\"<\/span><\/a><\/p>\n","protected":false},"author":1,"featured_media":0,"parent":0,"menu_order":0,"comment_status":"closed","ping_status":"closed","template":"","meta":{"footnotes":""},"class_list":["post-5234","page","type-page","status-publish","h-entry","hentry","h-as-page"],"_links":{"self":[{"href":"https:\/\/www.wesoleurwisy.pl\/index.php\/wp-json\/wp\/v2\/pages\/5234","targetHints":{"allow":["GET"]}}],"collection":[{"href":"https:\/\/www.wesoleurwisy.pl\/index.php\/wp-json\/wp\/v2\/pages"}],"about":[{"href":"https:\/\/www.wesoleurwisy.pl\/index.php\/wp-json\/wp\/v2\/types\/page"}],"author":[{"embeddable":true,"href":"https:\/\/www.wesoleurwisy.pl\/index.php\/wp-json\/wp\/v2\/users\/1"}],"replies":[{"embeddable":true,"href":"https:\/\/www.wesoleurwisy.pl\/index.php\/wp-json\/wp\/v2\/comments?post=5234"}],"version-history":[{"count":6,"href":"https:\/\/www.wesoleurwisy.pl\/index.php\/wp-json\/wp\/v2\/pages\/5234\/revisions"}],"predecessor-version":[{"id":10307,"href":"https:\/\/www.wesoleurwisy.pl\/index.php\/wp-json\/wp\/v2\/pages\/5234\/revisions\/10307"}],"wp:attachment":[{"href":"https:\/\/www.wesoleurwisy.pl\/index.php\/wp-json\/wp\/v2\/media?parent=5234"}],"curies":[{"name":"wp","href":"https:\/\/api.w.org\/{rel}","templated":true}]}}