{"id":53,"date":"2017-12-18T15:39:45","date_gmt":"2017-12-18T14:39:45","guid":{"rendered":"http:\/\/www.wesoleurwisy.pl\/?page_id=53"},"modified":"2026-02-18T22:34:31","modified_gmt":"2026-02-18T21:34:31","slug":"kadra","status":"publish","type":"page","link":"https:\/\/www.wesoleurwisy.pl\/index.php\/kadra\/","title":{"rendered":"Kadra \u015awietlicy Socjoterapeutycznej \u201eWeso\u0142e Urwisy\u201d"},"content":{"rendered":"\r\n<p><strong>Kierownik Plac\u00f3wki: mgr Aneta Polczyk - tkopd.krakow@wp.pl<\/strong><\/p>\r\n\r\n\r\n\r\n<figure class=\"wp-block-image\"><img loading=\"lazy\" decoding=\"async\" width=\"200\" height=\"300\" class=\"wp-image-329\" src=\"http:\/\/www.wesoleurwisy.pl\/wp-content\/uploads\/2018\/01\/IMG_20180107_2-200x300.jpg\" alt=\"\" srcset=\"https:\/\/www.wesoleurwisy.pl\/wp-content\/uploads\/2018\/01\/IMG_20180107_2-200x300.jpg 200w, https:\/\/www.wesoleurwisy.pl\/wp-content\/uploads\/2018\/01\/IMG_20180107_2-768x1152.jpg 768w, https:\/\/www.wesoleurwisy.pl\/wp-content\/uploads\/2018\/01\/IMG_20180107_2-683x1024.jpg 683w, https:\/\/www.wesoleurwisy.pl\/wp-content\/uploads\/2018\/01\/IMG_20180107_2-960x1440.jpg 960w, https:\/\/www.wesoleurwisy.pl\/wp-content\/uploads\/2018\/01\/IMG_20180107_2.jpg 1280w\" sizes=\"auto, (max-width: 200px) 100vw, 200px\" \/><\/figure>\r\n\r\n\r\n\r\n<p>Zaj\u0119cia: pogadanki tematyczne \u2013 bezpieczne zachowania w&nbsp;r\u00f3\u017cnych \u00a0 sytuacjach, wychowawca, <br \/>wykszta\u0142cenie wy\u017csze<br \/>Uniwersytet Jagiello\u0144ski - Wydzia\u0142 filologiczny<br \/>specjalno\u015b\u0107 J\u0119zyk polski jako Obcy, J\u0119zyk angielski w&nbsp;edukacji wczesnoszkolnej i&nbsp;wychowaniu przedszkolnym oraz Filologia Polska -\u00a0 Teatrologia\/J\u0119zyk polski.<\/p>\r\n\r\n\r\n\r\n<p><strong>mgr Kamil Kustra<\/strong><\/p>\r\n\r\n\r\n\r\n<figure class=\"wp-block-image size-large\"><img loading=\"lazy\" decoding=\"async\" width=\"293\" height=\"200\" class=\"wp-image-478\" src=\"https:\/\/www.wesoleurwisy.pl\/wp-content\/uploads\/2018\/04\/Bez-tytu\u0142u-Kopiowanie.png\" alt=\"\" \/><\/figure>\r\n\r\n\r\n\r\n<p>Zaj\u0119cia: sportowe, komputerowe, rekreacyjno- turystyczne,<br \/>wykszta\u0142cenie wy\u017csze<\/p>\r\n\r\n\r\n\r\n<p>Akademia Wychowania Fizycznego w&nbsp;Krakowie - Wychowanie Fizyczne,<\/p>\r\n\r\n\r\n\r\n<p>Akademia G\u00f3rniczo-Hutnicza w&nbsp;Krakowie - Informatyka i&nbsp;Zarz\u0105dzanie<\/p>\r\n\r\n\r\n\r\n<p><strong>Pedagog: mgr Karolina Knurowska<\/strong><\/p>\r\n\r\n\r\n\r\n<figure class=\"wp-block-image\"><img loading=\"lazy\" decoding=\"async\" width=\"183\" height=\"300\" class=\"wp-image-288\" src=\"http:\/\/www.wesoleurwisy.pl\/wp-content\/uploads\/2018\/01\/20171211_144425-e1515952761372-183x300.jpg\" alt=\"\" srcset=\"https:\/\/www.wesoleurwisy.pl\/wp-content\/uploads\/2018\/01\/20171211_144425-e1515952761372-183x300.jpg 183w, https:\/\/www.wesoleurwisy.pl\/wp-content\/uploads\/2018\/01\/20171211_144425-e1515952761372.jpg 487w\" sizes=\"auto, (max-width: 183px) 100vw, 183px\" \/><\/figure>\r\n\r\n\r\n\r\n<p>Zaj\u0119cia: pomoc osobom niepe\u0142nosprawnym, j\u0119zyk migowy, rekreacyjno- turystyczne, sportowe, komputerowe<br \/>Licencjat Uniwersytet Pedagogiczny<\/p>\r\n\r\n\r\n\r\n<p>Psychoprofilaktyka Zaburze\u0144 i&nbsp;Wspomaganie Rozwoju<\/p>\r\n\r\n\r\n\r\n<p><strong>mgr Katarzyna Urban<\/strong><\/p>\r\n\r\n\r\n\r\n<figure class=\"wp-block-image\"><img loading=\"lazy\" decoding=\"async\" width=\"300\" height=\"300\" class=\"wp-image-923\" src=\"http:\/\/www.wesoleurwisy.pl\/wp-content\/uploads\/2019\/04\/Katarzyna-Urban-300x300.jpg\" alt=\"\" srcset=\"https:\/\/www.wesoleurwisy.pl\/wp-content\/uploads\/2019\/04\/Katarzyna-Urban-300x300.jpg 300w, https:\/\/www.wesoleurwisy.pl\/wp-content\/uploads\/2019\/04\/Katarzyna-Urban-150x150.jpg 150w, https:\/\/www.wesoleurwisy.pl\/wp-content\/uploads\/2019\/04\/Katarzyna-Urban-768x768.jpg 768w, https:\/\/www.wesoleurwisy.pl\/wp-content\/uploads\/2019\/04\/Katarzyna-Urban.jpg 960w\" sizes=\"auto, (max-width: 300px) 100vw, 300px\" \/><\/figure>\r\n\r\n\r\n\r\n<p>Zaj\u0119cia: profilaktyczne, zdrowe od\u017cywianie <br \/>Licencjat promocja zdrowia i&nbsp;profilaktyka uzale\u017cnie\u0144, <br \/>magister pedagogiki resocjalizacyjnej z&nbsp;interwencja kryzysowa.<br \/>W trakcie realizacji Certyfikacji na psychoterapeut\u0119 i&nbsp;socjoterapeut\u0119 dzieci i&nbsp;m\u0142odzie\u017cy.<\/p>\r\n\r\n\r\n\r\n<p><strong>mgr Barbara Ka\u0142czuga <\/strong><\/p>\r\n<div class=\"wp-block-image\"><a href=\"https:\/\/www.wesoleurwisy.pl\/wp-content\/uploads\/2026\/02\/B.-Kalczuga.jpg\" data-lbwps-width=\"1536\" data-lbwps-height=\"2048\" data-lbwps-srcsmall=\"https:\/\/www.wesoleurwisy.pl\/wp-content\/uploads\/2026\/02\/B.-Kalczuga-225x300.jpg\"><img loading=\"lazy\" decoding=\"async\" class=\"wpa-warning wpa-image-missing-alt size-medium wp-image-10323 alignnone\" src=\"https:\/\/www.wesoleurwisy.pl\/wp-content\/uploads\/2026\/02\/B.-Kalczuga-225x300.jpg\" alt=\"\" width=\"225\" height=\"300\" data-warning=\"Missing alt text\" srcset=\"https:\/\/www.wesoleurwisy.pl\/wp-content\/uploads\/2026\/02\/B.-Kalczuga-225x300.jpg 225w, https:\/\/www.wesoleurwisy.pl\/wp-content\/uploads\/2026\/02\/B.-Kalczuga-768x1024.jpg 768w, https:\/\/www.wesoleurwisy.pl\/wp-content\/uploads\/2026\/02\/B.-Kalczuga-1152x1536.jpg 1152w, https:\/\/www.wesoleurwisy.pl\/wp-content\/uploads\/2026\/02\/B.-Kalczuga-960x1280.jpg 960w, https:\/\/www.wesoleurwisy.pl\/wp-content\/uploads\/2026\/02\/B.-Kalczuga.jpg 1536w\" sizes=\"auto, (max-width: 225px) 100vw, 225px\" \/><\/a><\/div>\r\n<p>Zaj\u0119cia: Profilaktyczne, gastronomiczne, przyrodnicze, plastyczne. <br \/>Wykszta\u0142cenie wy\u017csze.<\/p>\r\n<p>Uniwersytet Rzeszowski - pedagogika wczesnoszkolna i&nbsp;przedszkolna.<\/p>\r\n<p><strong>mgr Agata Babula<\/strong><\/p>\r\n<div class=\"wp-block-image\"><img loading=\"lazy\" decoding=\"async\" class=\"wpa-warning wpa-image-missing-alt size-medium wp-image-10325 alignnone\" src=\"https:\/\/www.wesoleurwisy.pl\/wp-content\/uploads\/2026\/02\/8bea83ac-886f-4c5a-b5b2-88d9f59c192c-300x225.jpg\" alt=\"\" width=\"300\" height=\"225\" data-warning=\"Missing alt text\" srcset=\"https:\/\/www.wesoleurwisy.pl\/wp-content\/uploads\/2026\/02\/8bea83ac-886f-4c5a-b5b2-88d9f59c192c-300x225.jpg 300w, https:\/\/www.wesoleurwisy.pl\/wp-content\/uploads\/2026\/02\/8bea83ac-886f-4c5a-b5b2-88d9f59c192c-1024x767.jpg 1024w, https:\/\/www.wesoleurwisy.pl\/wp-content\/uploads\/2026\/02\/8bea83ac-886f-4c5a-b5b2-88d9f59c192c-768x575.jpg 768w, https:\/\/www.wesoleurwisy.pl\/wp-content\/uploads\/2026\/02\/8bea83ac-886f-4c5a-b5b2-88d9f59c192c-1536x1150.jpg 1536w, https:\/\/www.wesoleurwisy.pl\/wp-content\/uploads\/2026\/02\/8bea83ac-886f-4c5a-b5b2-88d9f59c192c-960x719.jpg 960w, https:\/\/www.wesoleurwisy.pl\/wp-content\/uploads\/2026\/02\/8bea83ac-886f-4c5a-b5b2-88d9f59c192c.jpg 2048w\" sizes=\"auto, (max-width: 300px) 100vw, 300px\" \/><\/div>\r\n<p>Zaj\u0119cia: artystyczne, plastyczne, sensoryczne, ceramika. Wykszta\u0142cenie wy\u017csze. Magister Sztuki plastyczne i&nbsp;Konserwacja Dzie\u0142 Sztuki. <br \/>Nauczyciel pedagog.<\/p>\r\n<p>Uniwersytet Pedagogiczny w&nbsp;Krakowie<\/p>\r\n\r\n\r\n\r\n<p><strong>mgr Mariusz Bernacki<\/strong><\/p>\r\n\r\n\r\n\r\n<figure class=\"wp-block-image size-large is-resized\"><img loading=\"lazy\" decoding=\"async\" class=\"wp-image-7851\" style=\"width: 230px; height: 279px;\" src=\"https:\/\/www.wesoleurwisy.pl\/wp-content\/uploads\/2023\/09\/image-843x1024.png\" alt=\"\" width=\"230\" height=\"279\" srcset=\"https:\/\/www.wesoleurwisy.pl\/wp-content\/uploads\/2023\/09\/image-843x1024.png 843w, https:\/\/www.wesoleurwisy.pl\/wp-content\/uploads\/2023\/09\/image-247x300.png 247w, https:\/\/www.wesoleurwisy.pl\/wp-content\/uploads\/2023\/09\/image-768x933.png 768w, https:\/\/www.wesoleurwisy.pl\/wp-content\/uploads\/2023\/09\/image.png 860w\" sizes=\"auto, (max-width: 230px) 100vw, 230px\" \/><\/figure>\r\n\r\n\r\n\r\n<p>Zaj\u0119cia:\u00a0plastyczne, techniczne, gastronomiczne, muzyczno- filmowe, ruchowe, praca indywidualna i&nbsp;wsparcie wychowank\u00f3w<\/p>\r\n\r\n\r\n\r\n<p>Teologia UPJP II w&nbsp;Krakowie<\/p>\r\n<p><strong>mgr Urszula Szczepa\u0144ska<\/strong><\/p>\r\n<figure id=\"attachment_10322\" aria-describedby=\"caption-attachment-10322\" style=\"width: 269px\" class=\"wp-caption alignnone\"><img loading=\"lazy\" decoding=\"async\" class=\"wpa-warning wpa-image-missing-alt size-medium wp-image-10322\" src=\"https:\/\/www.wesoleurwisy.pl\/wp-content\/uploads\/2026\/02\/U.-Szczepanska-2-269x300.jpg\" alt=\"\" width=\"269\" height=\"300\" data-warning=\"Missing alt text\" srcset=\"https:\/\/www.wesoleurwisy.pl\/wp-content\/uploads\/2026\/02\/U.-Szczepanska-2-269x300.jpg 269w, https:\/\/www.wesoleurwisy.pl\/wp-content\/uploads\/2026\/02\/U.-Szczepanska-2.jpg 538w\" sizes=\"auto, (max-width: 269px) 100vw, 269px\" \/><figcaption id=\"caption-attachment-10322\" class=\"wp-caption-text\">*<\/figcaption><\/figure>\r\n<p>\r\n\r\n<\/p>\r\n<p>Zaj\u0119cia: profilaktyczne, socjoterapeutyczne, plastyczne, wsparcie wychowank\u00f3w.\u00a0<br \/>Magister Psychologii<\/p>\r\n<p>Uniwersytet SWPS<\/p>\r\n","protected":false},"excerpt":{"rendered":"<p>Kierownik Plac\u00f3wki: mgr Aneta Polczyk - tkopd.krakow@wp.pl Zaj\u0119cia: pogadanki tematyczne \u2013 bezpieczne zachowania w&nbsp;r\u00f3\u017cnych \u00a0 sytuacjach, wychowawca, wykszta\u0142cenie wy\u017cszeUniwersytet Jagiello\u0144ski - Wydzia\u0142 filologicznyspecjalno\u015b\u0107 J\u0119zyk polski jako Obcy, J\u0119zyk angielski w&nbsp;edukacji wczesnoszkolnej i&nbsp;wychowaniu przedszkolnym oraz Filologia Polska -\u00a0 Teatrologia\/J\u0119zyk polski. mgr Kamil Kustra Zaj\u0119cia: sportowe, komputerowe, rekreacyjno- turystyczne,wykszta\u0142cenie wy\u017csze Akademia Wychowania Fizycznego w&nbsp;Krakowie - Wychowanie Fizyczne, <a href=\"https:\/\/www.wesoleurwisy.pl\/index.php\/kadra\/\" class=\"more-link\">Czytaj dalej...<span class=\"screen-reader-text\"> \"Kadra \u015awietlicy Socjoterapeutycznej \u201eWeso\u0142e Urwisy\u201d\"<\/span><\/a><\/p>\n","protected":false},"author":1,"featured_media":0,"parent":0,"menu_order":0,"comment_status":"closed","ping_status":"closed","template":"","meta":{"footnotes":""},"class_list":["post-53","page","type-page","status-publish","h-entry","hentry","h-as-page"],"_links":{"self":[{"href":"https:\/\/www.wesoleurwisy.pl\/index.php\/wp-json\/wp\/v2\/pages\/53","targetHints":{"allow":["GET"]}}],"collection":[{"href":"https:\/\/www.wesoleurwisy.pl\/index.php\/wp-json\/wp\/v2\/pages"}],"about":[{"href":"https:\/\/www.wesoleurwisy.pl\/index.php\/wp-json\/wp\/v2\/types\/page"}],"author":[{"embeddable":true,"href":"https:\/\/www.wesoleurwisy.pl\/index.php\/wp-json\/wp\/v2\/users\/1"}],"replies":[{"embeddable":true,"href":"https:\/\/www.wesoleurwisy.pl\/index.php\/wp-json\/wp\/v2\/comments?post=53"}],"version-history":[{"count":79,"href":"https:\/\/www.wesoleurwisy.pl\/index.php\/wp-json\/wp\/v2\/pages\/53\/revisions"}],"predecessor-version":[{"id":10329,"href":"https:\/\/www.wesoleurwisy.pl\/index.php\/wp-json\/wp\/v2\/pages\/53\/revisions\/10329"}],"wp:attachment":[{"href":"https:\/\/www.wesoleurwisy.pl\/index.php\/wp-json\/wp\/v2\/media?parent=53"}],"curies":[{"name":"wp","href":"https:\/\/api.w.org\/{rel}","templated":true}]}}