{"id":8,"date":"2017-12-17T19:57:18","date_gmt":"2017-12-17T18:57:18","guid":{"rendered":"http:\/\/www.wesoleurwisy.pl\/?page_id=8"},"modified":"2019-09-06T14:15:39","modified_gmt":"2019-09-06T12:15:39","slug":"o-nas","status":"publish","type":"page","link":"https:\/\/www.wesoleurwisy.pl\/index.php\/o-nas\/","title":{"rendered":"O nas"},"content":{"rendered":"<p>Nasza Plac\u00f3wka powsta\u0142a 17 listopada 2003 roku, dzi\u0119ki zaanga\u017cowaniu i&nbsp;pracy pani mgr El\u017cbiety K\u0105cik, kt\u00f3ra piastowa\u0142a funkcj\u0119 kierownika nieprzerwanie przez 15 lat (tj. od pocz\u0105tku jej funkcjonowania do 31.12.2018r.).\u00a0 Plac\u00f3wka prowadzona jest przez Terenowy Komitet Ochrony Praw Dziecka, a&nbsp;finansowana przez Gmin\u0119 Miejsk\u0105 Krak\u00f3w. Oficjalna nazwa naszej \u015awietlicy brzmi: Opieku\u0144cza Plac\u00f3wka Wsparcia Dziennego.<\/p>\n<p>Socjo ma siedzib\u0119 w&nbsp;Szkole Podstawowej nr 61 przy ul. Pop\u0142awskiego 17<br \/>\nw Krakowie. Jest czynne od poniedzia\u0142ku do pi\u0105tku w&nbsp;godz. 14:00-18:00<br \/>\n( w&nbsp;czasie wakacji, ferii i&nbsp;w&nbsp;dni robocze wolne od zaj\u0119\u0107 w&nbsp;godz. 10:00-14:00).<\/p>\n<p>W Plac\u00f3wce mamy 45 miejsc, a&nbsp;zapisanych jest do niej 52 dzieci. S\u0105 to dzieci z&nbsp;rejonu obwodu Szko\u0142y 61 Starego Bie\u017canowa. Przyjmowane s\u0105 do nas dzieci kierowane przez wychowawc\u00f3w klasowych, psychologa, pedagoga szkolnego, na pro\u015bb\u0119 rodzic\u00f3w i&nbsp;w\u0142asn\u0105.<\/p>\n<p>W Plac\u00f3wce pracuje 6 wychowawc\u00f3w, 1 pedagog oraz kierownik Plac\u00f3wki. Wszyscy posiadaj\u0105 wykszta\u0142cenie wy\u017csze pedagogiczne.<\/p>\n<p>Opr\u00f3cz codziennej pracy opieku\u0144czo- dydaktyczno- terapeutycznej organizujemy dla dzieci wyjazdy na kolonie letnie.<\/p>\n","protected":false},"excerpt":{"rendered":"<p>Nasza Plac\u00f3wka powsta\u0142a 17 listopada 2003 roku, dzi\u0119ki zaanga\u017cowaniu i&nbsp;pracy pani mgr El\u017cbiety K\u0105cik, kt\u00f3ra piastowa\u0142a funkcj\u0119 kierownika nieprzerwanie przez 15 lat (tj. od pocz\u0105tku jej funkcjonowania do 31.12.2018r.).\u00a0 Plac\u00f3wka prowadzona jest przez Terenowy Komitet Ochrony Praw Dziecka, a&nbsp;finansowana przez Gmin\u0119 Miejsk\u0105 Krak\u00f3w. Oficjalna nazwa naszej \u015awietlicy brzmi: Opieku\u0144cza Plac\u00f3wka Wsparcia Dziennego. Socjo ma siedzib\u0119 <a href=\"https:\/\/www.wesoleurwisy.pl\/index.php\/o-nas\/\" class=\"more-link\">Czytaj dalej...<span class=\"screen-reader-text\"> \"O nas\"<\/span><\/a><\/p>\n","protected":false},"author":1,"featured_media":0,"parent":0,"menu_order":0,"comment_status":"closed","ping_status":"closed","template":"","meta":{"footnotes":""},"class_list":["post-8","page","type-page","status-publish","h-entry","hentry","h-as-page"],"_links":{"self":[{"href":"https:\/\/www.wesoleurwisy.pl\/index.php\/wp-json\/wp\/v2\/pages\/8","targetHints":{"allow":["GET"]}}],"collection":[{"href":"https:\/\/www.wesoleurwisy.pl\/index.php\/wp-json\/wp\/v2\/pages"}],"about":[{"href":"https:\/\/www.wesoleurwisy.pl\/index.php\/wp-json\/wp\/v2\/types\/page"}],"author":[{"embeddable":true,"href":"https:\/\/www.wesoleurwisy.pl\/index.php\/wp-json\/wp\/v2\/users\/1"}],"replies":[{"embeddable":true,"href":"https:\/\/www.wesoleurwisy.pl\/index.php\/wp-json\/wp\/v2\/comments?post=8"}],"version-history":[{"count":6,"href":"https:\/\/www.wesoleurwisy.pl\/index.php\/wp-json\/wp\/v2\/pages\/8\/revisions"}],"predecessor-version":[{"id":1250,"href":"https:\/\/www.wesoleurwisy.pl\/index.php\/wp-json\/wp\/v2\/pages\/8\/revisions\/1250"}],"wp:attachment":[{"href":"https:\/\/www.wesoleurwisy.pl\/index.php\/wp-json\/wp\/v2\/media?parent=8"}],"curies":[{"name":"wp","href":"https:\/\/api.w.org\/{rel}","templated":true}]}}