{"id":9,"date":"2017-12-17T19:57:18","date_gmt":"2017-12-17T18:57:18","guid":{"rendered":"http:\/\/www.wesoleurwisy.pl\/?page_id=9"},"modified":"2023-06-06T17:19:36","modified_gmt":"2023-06-06T15:19:36","slug":"kontakt","status":"publish","type":"page","link":"https:\/\/www.wesoleurwisy.pl\/index.php\/kontakt\/","title":{"rendered":"Kontakt"},"content":{"rendered":"<p>Godziny otwarcia: 14:00-18:00<br \/>\n( w&nbsp;czasie wakacji, ferii i&nbsp;w&nbsp;dni robocze wolne od zaj\u0119\u0107 w&nbsp;godz. 10:00-14:00).<\/p>\n<p>Adres mailowy:<br \/>\nwesole_urwisy@op.pl<\/p>\n<p>Adres:<br \/>\nPlac\u00f3wka Wsparcia Dziennego<br \/>\nz siedzib\u0105 w&nbsp;Szkole Podstawowej nr 61<br \/>\nul. Pop\u0142awskiego 17<br \/>\n30-818 Krak\u00f3w<\/p>\n<p>Telefon:<br \/>\nWychowawcy: 518 263 368<br \/>\nKierownik \u015awietlicy mgr Aneta Polczyk: 510 190 935<br \/>\nFax szko\u0142y 012-658-09-21<\/p>\n<p>Dane bankowe:<br \/>\nM-Bank<br \/>\nAnna Rojek<br \/>\nul. Do\u0142uszycka 33<br \/>\n32-700 Bochnia<\/p>\n<p>82 1020 2906 0000 1802 0420 1331<\/p>\n","protected":false},"excerpt":{"rendered":"<p>Godziny otwarcia: 14:00-18:00 ( w&nbsp;czasie wakacji, ferii i&nbsp;w&nbsp;dni robocze wolne od zaj\u0119\u0107 w&nbsp;godz. 10:00-14:00). Adres mailowy: wesole_urwisy@op.pl Adres: Plac\u00f3wka Wsparcia Dziennego z siedzib\u0105 w&nbsp;Szkole Podstawowej nr 61 ul. Pop\u0142awskiego 17 30-818 Krak\u00f3w Telefon: Wychowawcy: 518 263 368 Kierownik \u015awietlicy mgr Aneta Polczyk: 510 190 935 Fax szko\u0142y 012-658-09-21 Dane bankowe: M-Bank Anna Rojek ul. Do\u0142uszycka <a href=\"https:\/\/www.wesoleurwisy.pl\/index.php\/kontakt\/\" class=\"more-link\">Czytaj dalej...<span class=\"screen-reader-text\"> \"Kontakt\"<\/span><\/a><\/p>\n","protected":false},"author":1,"featured_media":31,"parent":0,"menu_order":0,"comment_status":"closed","ping_status":"closed","template":"","meta":{"footnotes":""},"class_list":["post-9","page","type-page","status-publish","has-post-thumbnail","h-entry","hentry","h-as-page"],"_links":{"self":[{"href":"https:\/\/www.wesoleurwisy.pl\/index.php\/wp-json\/wp\/v2\/pages\/9","targetHints":{"allow":["GET"]}}],"collection":[{"href":"https:\/\/www.wesoleurwisy.pl\/index.php\/wp-json\/wp\/v2\/pages"}],"about":[{"href":"https:\/\/www.wesoleurwisy.pl\/index.php\/wp-json\/wp\/v2\/types\/page"}],"author":[{"embeddable":true,"href":"https:\/\/www.wesoleurwisy.pl\/index.php\/wp-json\/wp\/v2\/users\/1"}],"replies":[{"embeddable":true,"href":"https:\/\/www.wesoleurwisy.pl\/index.php\/wp-json\/wp\/v2\/comments?post=9"}],"version-history":[{"count":6,"href":"https:\/\/www.wesoleurwisy.pl\/index.php\/wp-json\/wp\/v2\/pages\/9\/revisions"}],"predecessor-version":[{"id":7311,"href":"https:\/\/www.wesoleurwisy.pl\/index.php\/wp-json\/wp\/v2\/pages\/9\/revisions\/7311"}],"wp:featuredmedia":[{"embeddable":true,"href":"https:\/\/www.wesoleurwisy.pl\/index.php\/wp-json\/wp\/v2\/media\/31"}],"wp:attachment":[{"href":"https:\/\/www.wesoleurwisy.pl\/index.php\/wp-json\/wp\/v2\/media?parent=9"}],"curies":[{"name":"wp","href":"https:\/\/api.w.org\/{rel}","templated":true}]}}